{"id":124,"date":"2017-08-18T18:12:47","date_gmt":"2017-08-18T18:12:47","guid":{"rendered":"https:\/\/www.i-test.ca\/?page_id=124\/"},"modified":"2017-08-23T20:40:47","modified_gmt":"2017-08-23T20:40:47","slug":"solutions-in-circuit-test","status":"publish","type":"page","link":"https:\/\/www.i-test.ca\/fr\/solutions-in-circuit-test\/","title":{"rendered":"In-Circuit Test (ICT) 3070"},"content":{"rendered":"<div class=\"wpb-content-wrapper\"><p>[vc_row][vc_column]<div class=\"ult-spacer spacer-69f62108e1546\" data-id=\"69f62108e1546\" data-height=\"40\" data-height-mobile=\"40\" data-height-tab=\"40\" data-height-tab-portrait=\"\" data-height-mobile-landscape=\"\" style=\"clear:both;display:block;\"><\/div>[vc_column_text]<\/p>\n<h3><\/h3>\n<h3 style=\"text-align: left;\">M\u00e9thode de test consistant \u00e0 utiliser des probes pour v\u00e9rifier la qualit\u00e9 d&rsquo;un circuit imprim\u00e9. Elle est la technologie la plus compl\u00e8te des m\u00e9thodes de test pr\u00e9fonctionnel.<\/h3>\n<h3 style=\"text-align: left;\"><span style=\"color: #2b8ab3;\"><strong>Elle couvre les domaines suivants :<\/strong><\/span><\/h3>\n<ul>\n<li>\u00a0\u00a0\u00a0\u00a0\u00a0\u00a0Courts-circuits &amp; circuit ouvert<\/li>\n<li>\u00a0\u00a0\u00a0\u00a0\u00a0\u00a0Composantes analogues passives &amp; actives<\/li>\n<li>\u00a0\u00a0\u00a0\u00a0\u00a0\u00a0Composantes Bscan &amp; digitales<\/li>\n<li>\u00a0\u00a0\u00a0\u00a0\u00a0\u00a0Test de continuit\u00e9<\/li>\n<li>\u00a0\u00a0\u00a0\u00a0\u00a0\u00a0Composantes programmables (CPLD, FPGA, FLASH, Serial PROM, \u00b5CPU)<\/li>\n<li>\u00a0\u00a0\u00a0\u00a0\u00a0\u00a0Tests fonctionnels Boot-up\/RAMTest\/BISTest<\/li>\n<li>\u00a0\u00a0\u00a0\u00a0\u00a0\u00a0Tests de LED automatiques<\/li>\n<\/ul>\n<h3><\/h3>\n<h3><span style=\"color: #2b8ab3;\"><strong>Station de test :\u00a0Keysight (Agilent) HP3070<\/strong><\/span><\/h3>\n<p>&nbsp;<\/p>\n<p>&nbsp;<\/p>\n<p>[\/vc_column_text][\/vc_column][\/vc_row][vc_row full_width=\u00a0\u00bbstretch_row_content\u00a0\u00bb parallax=\u00a0\u00bbcontent-moving\u00a0\u00bb parallax_image=\u00a0\u00bb65&Prime;][vc_column]<div class=\"ult-spacer spacer-69f62108e159a\" data-id=\"69f62108e159a\" data-height=\"300\" data-height-mobile=\"200\" data-height-tab=\"\" data-height-tab-portrait=\"\" data-height-mobile-landscape=\"200\" style=\"clear:both;display:block;\"><\/div>[\/vc_column][\/vc_row]<\/p>\n<\/div>","protected":false},"excerpt":{"rendered":"<p>[vc_row][vc_column][vc_column_text] M\u00e9thode de test consistant \u00e0 utiliser des probes pour v\u00e9rifier la qualit\u00e9 d&rsquo;un circuit imprim\u00e9. Elle est la technologie la plus compl\u00e8te des m\u00e9thodes de test pr\u00e9fonctionnel. Elle couvre les domaines suivants : \u00a0\u00a0\u00a0\u00a0\u00a0\u00a0Courts-circuits &amp; circuit ouvert \u00a0\u00a0\u00a0\u00a0\u00a0\u00a0Composantes analogues passives &amp; actives \u00a0\u00a0\u00a0\u00a0\u00a0\u00a0Composantes Bscan &amp; digitales \u00a0\u00a0\u00a0\u00a0\u00a0\u00a0Test de continuit\u00e9 \u00a0\u00a0\u00a0\u00a0\u00a0\u00a0Composantes programmables (CPLD, FPGA, FLASH,&hellip;<\/p>\n","protected":false},"author":1,"featured_media":0,"parent":0,"menu_order":2,"comment_status":"closed","ping_status":"closed","template":"","meta":{"footnotes":""},"class_list":["post-124","page","type-page","status-publish","hentry","description-off"],"yoast_head":"<!-- This site is optimized with the Yoast SEO plugin v27.4 - https:\/\/yoast.com\/product\/yoast-seo-wordpress\/ -->\n<title>In-Circuit Test (ICT) 3070 - i-test | Standard and customized pre-functional test solutions<\/title>\n<meta name=\"robots\" content=\"index, follow, max-snippet:-1, max-image-preview:large, max-video-preview:-1\" \/>\n<link rel=\"canonical\" href=\"https:\/\/www.i-test.ca\/circuit-test-services\/\" \/>\n<meta property=\"og:locale\" content=\"fr_FR\" \/>\n<meta property=\"og:type\" content=\"article\" \/>\n<meta property=\"og:title\" content=\"In-Circuit Test (ICT) 3070 - i-test | Standard and customized pre-functional test solutions\" \/>\n<meta property=\"og:description\" content=\"[vc_row][vc_column][vc_column_text] M\u00e9thode de test consistant \u00e0 utiliser des probes pour v\u00e9rifier la qualit\u00e9 d&rsquo;un circuit imprim\u00e9. Elle est la technologie la plus compl\u00e8te des m\u00e9thodes de test pr\u00e9fonctionnel. Elle couvre les domaines suivants : \u00a0\u00a0\u00a0\u00a0\u00a0\u00a0Courts-circuits &amp; circuit ouvert \u00a0\u00a0\u00a0\u00a0\u00a0\u00a0Composantes analogues passives &amp; actives \u00a0\u00a0\u00a0\u00a0\u00a0\u00a0Composantes Bscan &amp; digitales \u00a0\u00a0\u00a0\u00a0\u00a0\u00a0Test de continuit\u00e9 \u00a0\u00a0\u00a0\u00a0\u00a0\u00a0Composantes programmables (CPLD, FPGA, FLASH,&hellip;\" \/>\n<meta property=\"og:url\" content=\"https:\/\/www.i-test.ca\/circuit-test-services\/\" \/>\n<meta property=\"og:site_name\" content=\"i-test | Standard and customized pre-functional test solutions\" \/>\n<meta property=\"article:modified_time\" content=\"2017-08-23T20:40:47+00:00\" \/>\n<meta name=\"twitter:card\" content=\"summary_large_image\" \/>\n<meta name=\"twitter:label1\" content=\"Dur\u00e9e de lecture estim\u00e9e\" \/>\n\t<meta name=\"twitter:data1\" content=\"1 minute\" \/>\n<script type=\"application\/ld+json\" class=\"yoast-schema-graph\">{\"@context\":\"https:\\\/\\\/schema.org\",\"@graph\":[{\"@type\":\"WebPage\",\"@id\":\"https:\\\/\\\/www.i-test.ca\\\/circuit-test-services\\\/\",\"url\":\"https:\\\/\\\/www.i-test.ca\\\/circuit-test-services\\\/\",\"name\":\"In-Circuit Test (ICT) 3070 - i-test | Standard and customized pre-functional test solutions\",\"isPartOf\":{\"@id\":\"https:\\\/\\\/www.i-test.ca\\\/#website\"},\"datePublished\":\"2017-08-18T18:12:47+00:00\",\"dateModified\":\"2017-08-23T20:40:47+00:00\",\"breadcrumb\":{\"@id\":\"https:\\\/\\\/www.i-test.ca\\\/circuit-test-services\\\/#breadcrumb\"},\"inLanguage\":\"fr-FR\",\"potentialAction\":[{\"@type\":\"ReadAction\",\"target\":[\"https:\\\/\\\/www.i-test.ca\\\/circuit-test-services\\\/\"]}]},{\"@type\":\"BreadcrumbList\",\"@id\":\"https:\\\/\\\/www.i-test.ca\\\/circuit-test-services\\\/#breadcrumb\",\"itemListElement\":[{\"@type\":\"ListItem\",\"position\":1,\"name\":\"Home\",\"item\":\"https:\\\/\\\/www.i-test.ca\\\/\"},{\"@type\":\"ListItem\",\"position\":2,\"name\":\"In-Circuit Test (ICT) 3070\"}]},{\"@type\":\"WebSite\",\"@id\":\"https:\\\/\\\/www.i-test.ca\\\/#website\",\"url\":\"https:\\\/\\\/www.i-test.ca\\\/\",\"name\":\"i-test | Standard and customized pre-functional test solutions\",\"description\":\"\",\"potentialAction\":[{\"@type\":\"SearchAction\",\"target\":{\"@type\":\"EntryPoint\",\"urlTemplate\":\"https:\\\/\\\/www.i-test.ca\\\/?s={search_term_string}\"},\"query-input\":{\"@type\":\"PropertyValueSpecification\",\"valueRequired\":true,\"valueName\":\"search_term_string\"}}],\"inLanguage\":\"fr-FR\"}]}<\/script>\n<!-- \/ Yoast SEO plugin. -->","yoast_head_json":{"title":"In-Circuit Test (ICT) 3070 - i-test | Standard and customized pre-functional test solutions","robots":{"index":"index","follow":"follow","max-snippet":"max-snippet:-1","max-image-preview":"max-image-preview:large","max-video-preview":"max-video-preview:-1"},"canonical":"https:\/\/www.i-test.ca\/circuit-test-services\/","og_locale":"fr_FR","og_type":"article","og_title":"In-Circuit Test (ICT) 3070 - i-test | Standard and customized pre-functional test solutions","og_description":"[vc_row][vc_column][vc_column_text] M\u00e9thode de test consistant \u00e0 utiliser des probes pour v\u00e9rifier la qualit\u00e9 d&rsquo;un circuit imprim\u00e9. Elle est la technologie la plus compl\u00e8te des m\u00e9thodes de test pr\u00e9fonctionnel. Elle couvre les domaines suivants : \u00a0\u00a0\u00a0\u00a0\u00a0\u00a0Courts-circuits &amp; circuit ouvert \u00a0\u00a0\u00a0\u00a0\u00a0\u00a0Composantes analogues passives &amp; actives \u00a0\u00a0\u00a0\u00a0\u00a0\u00a0Composantes Bscan &amp; digitales \u00a0\u00a0\u00a0\u00a0\u00a0\u00a0Test de continuit\u00e9 \u00a0\u00a0\u00a0\u00a0\u00a0\u00a0Composantes programmables (CPLD, FPGA, FLASH,&hellip;","og_url":"https:\/\/www.i-test.ca\/circuit-test-services\/","og_site_name":"i-test | Standard and customized pre-functional test solutions","article_modified_time":"2017-08-23T20:40:47+00:00","twitter_card":"summary_large_image","twitter_misc":{"Dur\u00e9e de lecture estim\u00e9e":"1 minute"},"schema":{"@context":"https:\/\/schema.org","@graph":[{"@type":"WebPage","@id":"https:\/\/www.i-test.ca\/circuit-test-services\/","url":"https:\/\/www.i-test.ca\/circuit-test-services\/","name":"In-Circuit Test (ICT) 3070 - i-test | Standard and customized pre-functional test solutions","isPartOf":{"@id":"https:\/\/www.i-test.ca\/#website"},"datePublished":"2017-08-18T18:12:47+00:00","dateModified":"2017-08-23T20:40:47+00:00","breadcrumb":{"@id":"https:\/\/www.i-test.ca\/circuit-test-services\/#breadcrumb"},"inLanguage":"fr-FR","potentialAction":[{"@type":"ReadAction","target":["https:\/\/www.i-test.ca\/circuit-test-services\/"]}]},{"@type":"BreadcrumbList","@id":"https:\/\/www.i-test.ca\/circuit-test-services\/#breadcrumb","itemListElement":[{"@type":"ListItem","position":1,"name":"Home","item":"https:\/\/www.i-test.ca\/"},{"@type":"ListItem","position":2,"name":"In-Circuit Test (ICT) 3070"}]},{"@type":"WebSite","@id":"https:\/\/www.i-test.ca\/#website","url":"https:\/\/www.i-test.ca\/","name":"i-test | Standard and customized pre-functional test solutions","description":"","potentialAction":[{"@type":"SearchAction","target":{"@type":"EntryPoint","urlTemplate":"https:\/\/www.i-test.ca\/?s={search_term_string}"},"query-input":{"@type":"PropertyValueSpecification","valueRequired":true,"valueName":"search_term_string"}}],"inLanguage":"fr-FR"}]}},"_links":{"self":[{"href":"https:\/\/www.i-test.ca\/fr\/wp-json\/wp\/v2\/pages\/124","targetHints":{"allow":["GET"]}}],"collection":[{"href":"https:\/\/www.i-test.ca\/fr\/wp-json\/wp\/v2\/pages"}],"about":[{"href":"https:\/\/www.i-test.ca\/fr\/wp-json\/wp\/v2\/types\/page"}],"author":[{"embeddable":true,"href":"https:\/\/www.i-test.ca\/fr\/wp-json\/wp\/v2\/users\/1"}],"replies":[{"embeddable":true,"href":"https:\/\/www.i-test.ca\/fr\/wp-json\/wp\/v2\/comments?post=124"}],"version-history":[{"count":3,"href":"https:\/\/www.i-test.ca\/fr\/wp-json\/wp\/v2\/pages\/124\/revisions"}],"predecessor-version":[{"id":190,"href":"https:\/\/www.i-test.ca\/fr\/wp-json\/wp\/v2\/pages\/124\/revisions\/190"}],"wp:attachment":[{"href":"https:\/\/www.i-test.ca\/fr\/wp-json\/wp\/v2\/media?parent=124"}],"curies":[{"name":"wp","href":"https:\/\/api.w.org\/{rel}","templated":true}]}}