{"id":141,"date":"2017-08-18T18:40:37","date_gmt":"2017-08-18T18:40:37","guid":{"rendered":"https:\/\/www.i-test.ca\/?page_id=141\/"},"modified":"2017-08-23T20:42:43","modified_gmt":"2017-08-23T20:42:43","slug":"test-boundary-scan-bst","status":"publish","type":"page","link":"https:\/\/www.i-test.ca\/fr\/test-boundary-scan-bst\/","title":{"rendered":"Test Boundary-Scan (BST)"},"content":{"rendered":"<div class=\"wpb-content-wrapper\"><p>[vc_row][vc_column]<div class=\"ult-spacer spacer-6a008c112da99\" data-id=\"6a008c112da99\" data-height=\"40\" data-height-mobile=\"40\" data-height-tab=\"40\" data-height-tab-portrait=\"\" data-height-mobile-landscape=\"\" style=\"clear:both;display:block;\"><\/div>[vc_column_text]<\/p>\n<h3><\/h3>\n<h3>M\u00e9thode de test consistant \u00e0 utiliser le port JTAG pour v\u00e9rifier la qualit\u00e9 ou programmer des composantes Boundary-Scan popul\u00e9es sur un circuit imprim\u00e9.<\/h3>\n<h3 style=\"text-align: left;\"><span style=\"color: #258299;\">Elle couvre les domaines suivants\u00a0:<\/span><\/h3>\n<ul>\n<li>Test de connexion &amp; d&rsquo;interconnexion<\/li>\n<li>Test de clusters<\/li>\n<li>Test de m\u00e9moires (DRAM, SDRAM, SRAM)<\/li>\n<li>Composantes programmables (CPLD, FPGA, FLASH, Serial PROM)<\/li>\n<\/ul>\n<h3><span style=\"color: #2b8ab3;\">Station de test :\u00a0<\/span>JTAG Technologies<\/h3>\n<p>&nbsp;<\/p>\n<p><img loading=\"lazy\" decoding=\"async\" class=\"alignnone wp-image-145\" src=\"https:\/\/www.i-test.ca\/wp-content\/uploads\/2017\/08\/itest-JTAG-Boundary-Scan-BST.jpg\" alt=\"itest-JTAG-Boundary-Scan-BST\" width=\"312\" height=\"208\" srcset=\"https:\/\/www.i-test.ca\/wp-content\/uploads\/2017\/08\/itest-JTAG-Boundary-Scan-BST.jpg 438w, https:\/\/www.i-test.ca\/wp-content\/uploads\/2017\/08\/itest-JTAG-Boundary-Scan-BST-300x200.jpg 300w\" sizes=\"auto, (max-width: 312px) 100vw, 312px\" \/><\/p>\n<p>&nbsp;<\/p>\n<p>[\/vc_column_text][\/vc_column][\/vc_row][vc_row full_width=\u00a0\u00bbstretch_row_content\u00a0\u00bb content_placement=\u00a0\u00bbbottom\u00a0\u00bb parallax=\u00a0\u00bbcontent-moving\u00a0\u00bb parallax_image=\u00a0\u00bb64&Prime;][vc_column]<div class=\"ult-spacer spacer-6a008c112dae1\" data-id=\"6a008c112dae1\" data-height=\"300\" data-height-mobile=\"200\" data-height-tab=\"\" data-height-tab-portrait=\"\" data-height-mobile-landscape=\"200\" style=\"clear:both;display:block;\"><\/div>[\/vc_column][\/vc_row]<\/p>\n<\/div>","protected":false},"excerpt":{"rendered":"<p>[vc_row][vc_column][vc_column_text] M\u00e9thode de test consistant \u00e0 utiliser le port JTAG pour v\u00e9rifier la qualit\u00e9 ou programmer des composantes Boundary-Scan popul\u00e9es sur un circuit imprim\u00e9. Elle couvre les domaines suivants\u00a0: Test de connexion &amp; d&rsquo;interconnexion Test de clusters Test de m\u00e9moires (DRAM, SDRAM, SRAM) Composantes programmables (CPLD, FPGA, FLASH, Serial PROM) Station de test :\u00a0JTAG Technologies&hellip;<\/p>\n","protected":false},"author":1,"featured_media":0,"parent":0,"menu_order":3,"comment_status":"closed","ping_status":"closed","template":"","meta":{"footnotes":""},"class_list":["post-141","page","type-page","status-publish","hentry","description-off"],"yoast_head":"<!-- This site is optimized with the Yoast SEO plugin v27.4 - https:\/\/yoast.com\/product\/yoast-seo-wordpress\/ -->\n<title>Test Boundary-Scan (BST) - i-test | Standard and customized pre-functional test solutions<\/title>\n<meta name=\"robots\" content=\"index, follow, max-snippet:-1, max-image-preview:large, max-video-preview:-1\" \/>\n<link rel=\"canonical\" href=\"https:\/\/www.i-test.ca\/boundary-scan-test\/\" \/>\n<meta property=\"og:locale\" content=\"fr_FR\" \/>\n<meta property=\"og:type\" content=\"article\" \/>\n<meta property=\"og:title\" content=\"Test Boundary-Scan (BST) - i-test | Standard and customized pre-functional test solutions\" \/>\n<meta property=\"og:description\" content=\"[vc_row][vc_column][vc_column_text] M\u00e9thode de test consistant \u00e0 utiliser le port JTAG pour v\u00e9rifier la qualit\u00e9 ou programmer des composantes Boundary-Scan popul\u00e9es sur un circuit imprim\u00e9. Elle couvre les domaines suivants\u00a0: Test de connexion &amp; d&rsquo;interconnexion Test de clusters Test de m\u00e9moires (DRAM, SDRAM, SRAM) Composantes programmables (CPLD, FPGA, FLASH, Serial PROM) Station de test :\u00a0JTAG Technologies&hellip;\" \/>\n<meta property=\"og:url\" content=\"https:\/\/www.i-test.ca\/boundary-scan-test\/\" \/>\n<meta property=\"og:site_name\" content=\"i-test | Standard and customized pre-functional test solutions\" \/>\n<meta property=\"article:modified_time\" content=\"2017-08-23T20:42:43+00:00\" \/>\n<meta property=\"og:image\" content=\"https:\/\/www.i-test.ca\/wp-content\/uploads\/2017\/08\/itest-JTAG-Boundary-Scan-BST.jpg\" \/>\n<meta name=\"twitter:card\" content=\"summary_large_image\" \/>\n<meta name=\"twitter:label1\" content=\"Dur\u00e9e de lecture estim\u00e9e\" \/>\n\t<meta name=\"twitter:data1\" content=\"1 minute\" \/>\n<script type=\"application\/ld+json\" class=\"yoast-schema-graph\">{\"@context\":\"https:\\\/\\\/schema.org\",\"@graph\":[{\"@type\":\"WebPage\",\"@id\":\"https:\\\/\\\/www.i-test.ca\\\/boundary-scan-test\\\/\",\"url\":\"https:\\\/\\\/www.i-test.ca\\\/boundary-scan-test\\\/\",\"name\":\"Test Boundary-Scan (BST) - i-test | Standard and customized pre-functional test solutions\",\"isPartOf\":{\"@id\":\"https:\\\/\\\/www.i-test.ca\\\/#website\"},\"primaryImageOfPage\":{\"@id\":\"https:\\\/\\\/www.i-test.ca\\\/boundary-scan-test\\\/#primaryimage\"},\"image\":{\"@id\":\"https:\\\/\\\/www.i-test.ca\\\/boundary-scan-test\\\/#primaryimage\"},\"thumbnailUrl\":\"http:\\\/\\\/www.i-test.ca\\\/wp-content\\\/uploads\\\/2017\\\/08\\\/itest-JTAG-Boundary-Scan-BST.jpg\",\"datePublished\":\"2017-08-18T18:40:37+00:00\",\"dateModified\":\"2017-08-23T20:42:43+00:00\",\"breadcrumb\":{\"@id\":\"https:\\\/\\\/www.i-test.ca\\\/boundary-scan-test\\\/#breadcrumb\"},\"inLanguage\":\"fr-FR\",\"potentialAction\":[{\"@type\":\"ReadAction\",\"target\":[\"https:\\\/\\\/www.i-test.ca\\\/boundary-scan-test\\\/\"]}]},{\"@type\":\"ImageObject\",\"inLanguage\":\"fr-FR\",\"@id\":\"https:\\\/\\\/www.i-test.ca\\\/boundary-scan-test\\\/#primaryimage\",\"url\":\"http:\\\/\\\/www.i-test.ca\\\/wp-content\\\/uploads\\\/2017\\\/08\\\/itest-JTAG-Boundary-Scan-BST.jpg\",\"contentUrl\":\"http:\\\/\\\/www.i-test.ca\\\/wp-content\\\/uploads\\\/2017\\\/08\\\/itest-JTAG-Boundary-Scan-BST.jpg\"},{\"@type\":\"BreadcrumbList\",\"@id\":\"https:\\\/\\\/www.i-test.ca\\\/boundary-scan-test\\\/#breadcrumb\",\"itemListElement\":[{\"@type\":\"ListItem\",\"position\":1,\"name\":\"Home\",\"item\":\"https:\\\/\\\/www.i-test.ca\\\/\"},{\"@type\":\"ListItem\",\"position\":2,\"name\":\"Test Boundary-Scan (BST)\"}]},{\"@type\":\"WebSite\",\"@id\":\"https:\\\/\\\/www.i-test.ca\\\/#website\",\"url\":\"https:\\\/\\\/www.i-test.ca\\\/\",\"name\":\"i-test | Standard and customized pre-functional test solutions\",\"description\":\"\",\"potentialAction\":[{\"@type\":\"SearchAction\",\"target\":{\"@type\":\"EntryPoint\",\"urlTemplate\":\"https:\\\/\\\/www.i-test.ca\\\/?s={search_term_string}\"},\"query-input\":{\"@type\":\"PropertyValueSpecification\",\"valueRequired\":true,\"valueName\":\"search_term_string\"}}],\"inLanguage\":\"fr-FR\"}]}<\/script>\n<!-- \/ Yoast SEO plugin. -->","yoast_head_json":{"title":"Test Boundary-Scan (BST) - i-test | Standard and customized pre-functional test solutions","robots":{"index":"index","follow":"follow","max-snippet":"max-snippet:-1","max-image-preview":"max-image-preview:large","max-video-preview":"max-video-preview:-1"},"canonical":"https:\/\/www.i-test.ca\/boundary-scan-test\/","og_locale":"fr_FR","og_type":"article","og_title":"Test Boundary-Scan (BST) - i-test | Standard and customized pre-functional test solutions","og_description":"[vc_row][vc_column][vc_column_text] M\u00e9thode de test consistant \u00e0 utiliser le port JTAG pour v\u00e9rifier la qualit\u00e9 ou programmer des composantes Boundary-Scan popul\u00e9es sur un circuit imprim\u00e9. Elle couvre les domaines suivants\u00a0: Test de connexion &amp; d&rsquo;interconnexion Test de clusters Test de m\u00e9moires (DRAM, SDRAM, SRAM) Composantes programmables (CPLD, FPGA, FLASH, Serial PROM) Station de test :\u00a0JTAG Technologies&hellip;","og_url":"https:\/\/www.i-test.ca\/boundary-scan-test\/","og_site_name":"i-test | Standard and customized pre-functional test solutions","article_modified_time":"2017-08-23T20:42:43+00:00","og_image":[{"url":"https:\/\/www.i-test.ca\/wp-content\/uploads\/2017\/08\/itest-JTAG-Boundary-Scan-BST.jpg","type":"","width":"","height":""}],"twitter_card":"summary_large_image","twitter_misc":{"Dur\u00e9e de lecture estim\u00e9e":"1 minute"},"schema":{"@context":"https:\/\/schema.org","@graph":[{"@type":"WebPage","@id":"https:\/\/www.i-test.ca\/boundary-scan-test\/","url":"https:\/\/www.i-test.ca\/boundary-scan-test\/","name":"Test Boundary-Scan (BST) - i-test | Standard and customized pre-functional test solutions","isPartOf":{"@id":"https:\/\/www.i-test.ca\/#website"},"primaryImageOfPage":{"@id":"https:\/\/www.i-test.ca\/boundary-scan-test\/#primaryimage"},"image":{"@id":"https:\/\/www.i-test.ca\/boundary-scan-test\/#primaryimage"},"thumbnailUrl":"https:\/\/www.i-test.ca\/wp-content\/uploads\/2017\/08\/itest-JTAG-Boundary-Scan-BST.jpg","datePublished":"2017-08-18T18:40:37+00:00","dateModified":"2017-08-23T20:42:43+00:00","breadcrumb":{"@id":"https:\/\/www.i-test.ca\/boundary-scan-test\/#breadcrumb"},"inLanguage":"fr-FR","potentialAction":[{"@type":"ReadAction","target":["https:\/\/www.i-test.ca\/boundary-scan-test\/"]}]},{"@type":"ImageObject","inLanguage":"fr-FR","@id":"https:\/\/www.i-test.ca\/boundary-scan-test\/#primaryimage","url":"https:\/\/www.i-test.ca\/wp-content\/uploads\/2017\/08\/itest-JTAG-Boundary-Scan-BST.jpg","contentUrl":"https:\/\/www.i-test.ca\/wp-content\/uploads\/2017\/08\/itest-JTAG-Boundary-Scan-BST.jpg"},{"@type":"BreadcrumbList","@id":"https:\/\/www.i-test.ca\/boundary-scan-test\/#breadcrumb","itemListElement":[{"@type":"ListItem","position":1,"name":"Home","item":"https:\/\/www.i-test.ca\/"},{"@type":"ListItem","position":2,"name":"Test Boundary-Scan (BST)"}]},{"@type":"WebSite","@id":"https:\/\/www.i-test.ca\/#website","url":"https:\/\/www.i-test.ca\/","name":"i-test | Standard and customized pre-functional test solutions","description":"","potentialAction":[{"@type":"SearchAction","target":{"@type":"EntryPoint","urlTemplate":"https:\/\/www.i-test.ca\/?s={search_term_string}"},"query-input":{"@type":"PropertyValueSpecification","valueRequired":true,"valueName":"search_term_string"}}],"inLanguage":"fr-FR"}]}},"_links":{"self":[{"href":"https:\/\/www.i-test.ca\/fr\/wp-json\/wp\/v2\/pages\/141","targetHints":{"allow":["GET"]}}],"collection":[{"href":"https:\/\/www.i-test.ca\/fr\/wp-json\/wp\/v2\/pages"}],"about":[{"href":"https:\/\/www.i-test.ca\/fr\/wp-json\/wp\/v2\/types\/page"}],"author":[{"embeddable":true,"href":"https:\/\/www.i-test.ca\/fr\/wp-json\/wp\/v2\/users\/1"}],"replies":[{"embeddable":true,"href":"https:\/\/www.i-test.ca\/fr\/wp-json\/wp\/v2\/comments?post=141"}],"version-history":[{"count":3,"href":"https:\/\/www.i-test.ca\/fr\/wp-json\/wp\/v2\/pages\/141\/revisions"}],"predecessor-version":[{"id":196,"href":"https:\/\/www.i-test.ca\/fr\/wp-json\/wp\/v2\/pages\/141\/revisions\/196"}],"wp:attachment":[{"href":"https:\/\/www.i-test.ca\/fr\/wp-json\/wp\/v2\/media?parent=141"}],"curies":[{"name":"wp","href":"https:\/\/api.w.org\/{rel}","templated":true}]}}